{"id":15,"date":"2018-10-09T11:06:27","date_gmt":"2018-10-09T09:06:27","guid":{"rendered":"http:\/\/zimmermann-industriekaelte.de\/?page_id=15"},"modified":"2020-10-15T16:24:32","modified_gmt":"2020-10-15T14:24:32","slug":"statische-seite","status":"publish","type":"page","link":"https:\/\/www.zimmermann-industriekaelte.de\/","title":{"rendered":"Home"},"content":{"rendered":"<p>[vc_section][vc_row][vc_column][rev_slider_vc alias=&#8220;Startseite&#8220;][\/vc_column][\/vc_row][vc_row slider_content=&#8220;&#8220; css=&#8220;.vc_custom_1539869239657{background-color: #01164b !important;}&#8220;][vc_column][vc_empty_space height=&#8220;30px&#8220;][vc_row_inner][vc_column_inner]\n        <div class=\"salim-section-title style_light margin-bottom-45px text-center style_layout_2\">\n          <div class=\"sub_title\">Zimmermann GmbH<\/div>\n          <h2 class=\"size_large size_large text-uppercase font-weight-700 \">K\u00e4lte braucht vertrauen - Ihr Ansprechpartner f\u00fcr ma\u00dfgeschneiderte Anlagenkonzepte<\/h2><div class=\"salim-desrip\"><\/div><a href=\"https:\/\/www.zimmermann-industriekaelte.de\/?page_id=2443\" class=\"title-link bottom-effect hvr-bob\">Kontakt<\/a><\/div>[\/vc_column_inner][\/vc_row_inner][\/vc_column][\/vc_row][vc_row][vc_column width=&#8220;1\/3&#8243;][vc_empty_space height=&#8220;50px&#8220;]\n\t<a href=https:\/\/www.zimmermann-industriekaelte.de\/?page_id=2455>\n\t<div class=\"cart-img-text-1\">\n    <div  class=\"cart-img ba-second-color hvr-float\">\n      <div class=\"tfassel\">\n        <h4 class=\"title margin-bottom-15px\">Industriek\u00e4lte<\/h4>\n        <div class=\"des margin-bottom-10px\">Individuelle Anlagen mit nat\u00fcrlichen K\u00e4ltemitteln.<\/div>\n      <\/div>\n      <div class=\"img_grad\"><\/div>\n      <div class=\"img_in\"><img src=https:\/\/www.zimmermann-industriekaelte.de\/wp-content\/uploads\/2020\/06\/IMG_9132-500x600.jpg alt=\"\"><\/div>\n    <\/div>\n\t<\/div>\n\t<\/a>[\/vc_column][vc_column width=&#8220;1\/3&#8243;][vc_empty_space height=&#8220;50px&#8220;]\n\t<a href=https:\/\/www.zimmermann-industriekaelte.de\/?page_id=2461>\n\t<div class=\"cart-img-text-1\">\n    <div  class=\"cart-img ba-second-color hvr-float\">\n      <div class=\"tfassel\">\n        <h4 class=\"title margin-bottom-15px\">Kraft-W\u00e4rme-K\u00e4lte-Kopplung<\/h4>\n        <div class=\"des margin-bottom-10px\">Das passende Energiekonzept f\u00fcr Ihr Unternehmen.<\/div>\n      <\/div>\n      <div class=\"img_grad\"><\/div>\n      <div class=\"img_in\"><img src=https:\/\/www.zimmermann-industriekaelte.de\/wp-content\/uploads\/2020\/06\/IMG_3915-500x600.jpg alt=\"\"><\/div>\n    <\/div>\n\t<\/div>\n\t<\/a>[\/vc_column][vc_column width=&#8220;1\/3&#8243;][vc_empty_space height=&#8220;50px&#8220;]\n\t<a href=https:\/\/www.zimmermann-industriekaelte.de\/?page_id=2506>\n\t<div class=\"cart-img-text-1\">\n    <div  class=\"cart-img ba-second-color hvr-float\">\n      <div class=\"tfassel\">\n        <h4 class=\"title margin-bottom-15px\">Kundendienst<\/h4>\n        <div class=\"des margin-bottom-10px\">Kurze Wege, schnelle Reaktionszeiten - unser Servicenetz f\u00fcr Sie!<\/div>\n      <\/div>\n      <div class=\"img_grad\"><\/div>\n      <div class=\"img_in\"><img src=https:\/\/www.zimmermann-industriekaelte.de\/wp-content\/uploads\/2020\/06\/K\u00fchlmann-Westenholz_016-500x600.jpg alt=\"\"><\/div>\n    <\/div>\n\t<\/div>\n\t<\/a>[\/vc_column][\/vc_row][\/vc_section][vc_row][vc_column][vc_empty_space height=&#8220;50px&#8220;][\/vc_column][\/vc_row]<\/p>\n","protected":false},"excerpt":{"rendered":"<p>[vc_section][vc_row][vc_column][rev_slider_vc alias=&#8220;Startseite&#8220;][\/vc_column][\/vc_row][vc_row slider_content=&#8220;&#8220; css=&#8220;.vc_custom_1539869239657{background-color: #01164b !important;}&#8220;][vc_column][vc_empty_space height=&#8220;30px&#8220;][vc_row_inner][vc_column_inner][\/vc_column_inner][\/vc_row_inner][\/vc_column][\/vc_row][vc_row][vc_column width=&#8220;1\/3&#8243;][vc_empty_space height=&#8220;50px&#8220;][\/vc_column][vc_column width=&#8220;1\/3&#8243;][vc_empty_space height=&#8220;50px&#8220;][\/vc_column][vc_column width=&#8220;1\/3&#8243;][vc_empty_space height=&#8220;50px&#8220;][\/vc_column][\/vc_row][\/vc_section][vc_row][vc_column][vc_empty_space height=&#8220;50px&#8220;][\/vc_column][\/vc_row]<\/p>\n","protected":false},"author":1,"featured_media":0,"parent":0,"menu_order":0,"comment_status":"closed","ping_status":"closed","template":"page-templates\/home-page.php","meta":[],"_links":{"self":[{"href":"https:\/\/www.zimmermann-industriekaelte.de\/index.php?rest_route=\/wp\/v2\/pages\/15"}],"collection":[{"href":"https:\/\/www.zimmermann-industriekaelte.de\/index.php?rest_route=\/wp\/v2\/pages"}],"about":[{"href":"https:\/\/www.zimmermann-industriekaelte.de\/index.php?rest_route=\/wp\/v2\/types\/page"}],"author":[{"embeddable":true,"href":"https:\/\/www.zimmermann-industriekaelte.de\/index.php?rest_route=\/wp\/v2\/users\/1"}],"replies":[{"embeddable":true,"href":"https:\/\/www.zimmermann-industriekaelte.de\/index.php?rest_route=%2Fwp%2Fv2%2Fcomments&post=15"}],"version-history":[{"count":62,"href":"https:\/\/www.zimmermann-industriekaelte.de\/index.php?rest_route=\/wp\/v2\/pages\/15\/revisions"}],"predecessor-version":[{"id":2952,"href":"https:\/\/www.zimmermann-industriekaelte.de\/index.php?rest_route=\/wp\/v2\/pages\/15\/revisions\/2952"}],"wp:attachment":[{"href":"https:\/\/www.zimmermann-industriekaelte.de\/index.php?rest_route=%2Fwp%2Fv2%2Fmedia&parent=15"}],"curies":[{"name":"wp","href":"https:\/\/api.w.org\/{rel}","templated":true}]}}