{"id":2443,"date":"2020-06-24T10:36:57","date_gmt":"2020-06-24T08:36:57","guid":{"rendered":"http:\/\/zimmermann-industriekaelte.de\/?page_id=2443"},"modified":"2024-03-19T09:05:12","modified_gmt":"2024-03-19T08:05:12","slug":"ansprechpartner","status":"publish","type":"page","link":"https:\/\/www.zimmermann-industriekaelte.de\/?page_id=2443","title":{"rendered":"Ansprechpartner"},"content":{"rendered":"<p>[vc_row][vc_column][vc_empty_space height=&#8220;30px&#8220;]\n        <div class=\"salim-section-title style_dark margin-bottom-45px text-center style_layout_2\">\n          <div class=\"sub_title\"><\/div>\n          <h2 class=\"size_large size_large text-uppercase font-weight-700 \">Ansprechpartner<\/h2><div class=\"salim-desrip\">Projektgesch\u00e4ft<br \/>\nMichael Thies<br \/>\nTel.: +49 5043 98907911<br \/>\nM.Thies@zip.gmbh<\/p>\n<p>Kundendienst<br \/>\nHauke Michel<br \/>\nTel.: +49 4482 9805012<br \/>\nH.Michel@zip.gmbh<\/p>\n<p>Personal<br \/>\nFrank Baltruschat<br \/>\nTel.: +49 4105 6920711<br \/>\nF.Baltruschat@zip.gmbh<\/div><\/div>[\/vc_column][\/vc_row][vc_row slider_content=&#8220;&#8220; css=&#8220;.vc_custom_1593962276331{background-color: #01164b !important;}&#8220;][vc_column][vc_empty_space height=&#8220;30px&#8220;]\n        <div class=\"salim-section-title style_light margin-bottom-45px text-center style_layout_2\">\n          <div class=\"sub_title\">Zimmermann GmbH<\/div>\n          <h2 class=\"size_large size_large text-uppercase font-weight-700 \">K\u00e4lte braucht vertrauen - Ihr Ansprechpartner f\u00fcr ma\u00dfgeschneiderte Anlagenkonzepte<\/h2><div class=\"salim-desrip\"><\/div><a href=\"https:\/\/www.zimmermann-industriekaelte.de\/?page_id=2443\" class=\"title-link bottom-effect hvr-bob\">Kontakt<\/a><\/div>[\/vc_column][\/vc_row]<\/p>\n","protected":false},"excerpt":{"rendered":"<p>[vc_row][vc_column][vc_empty_space height=&#8220;30px&#8220;][\/vc_column][\/vc_row][vc_row slider_content=&#8220;&#8220; css=&#8220;.vc_custom_1593962276331{background-color: #01164b !important;}&#8220;][vc_column][vc_empty_space height=&#8220;30px&#8220;][\/vc_column][\/vc_row]<\/p>\n","protected":false},"author":1,"featured_media":0,"parent":0,"menu_order":0,"comment_status":"closed","ping_status":"closed","template":"page-templates\/home-page.php","meta":[],"_links":{"self":[{"href":"https:\/\/www.zimmermann-industriekaelte.de\/index.php?rest_route=\/wp\/v2\/pages\/2443"}],"collection":[{"href":"https:\/\/www.zimmermann-industriekaelte.de\/index.php?rest_route=\/wp\/v2\/pages"}],"about":[{"href":"https:\/\/www.zimmermann-industriekaelte.de\/index.php?rest_route=\/wp\/v2\/types\/page"}],"author":[{"embeddable":true,"href":"https:\/\/www.zimmermann-industriekaelte.de\/index.php?rest_route=\/wp\/v2\/users\/1"}],"replies":[{"embeddable":true,"href":"https:\/\/www.zimmermann-industriekaelte.de\/index.php?rest_route=%2Fwp%2Fv2%2Fcomments&post=2443"}],"version-history":[{"count":14,"href":"https:\/\/www.zimmermann-industriekaelte.de\/index.php?rest_route=\/wp\/v2\/pages\/2443\/revisions"}],"predecessor-version":[{"id":2930,"href":"https:\/\/www.zimmermann-industriekaelte.de\/index.php?rest_route=\/wp\/v2\/pages\/2443\/revisions\/2930"}],"wp:attachment":[{"href":"https:\/\/www.zimmermann-industriekaelte.de\/index.php?rest_route=%2Fwp%2Fv2%2Fmedia&parent=2443"}],"curies":[{"name":"wp","href":"https:\/\/api.w.org\/{rel}","templated":true}]}}