{"id":2447,"date":"2020-06-24T10:38:08","date_gmt":"2020-06-24T08:38:08","guid":{"rendered":"http:\/\/zimmermann-industriekaelte.de\/?page_id=2447"},"modified":"2024-10-10T17:36:15","modified_gmt":"2024-10-10T15:36:15","slug":"standorte","status":"publish","type":"page","link":"https:\/\/www.zimmermann-industriekaelte.de\/?page_id=2447","title":{"rendered":"Standorte"},"content":{"rendered":"<p>[vc_row][vc_column][vc_empty_space height=&#8220;30px&#8220;]\n        <div class=\"salim-section-title style_dark margin-bottom-45px text-center style_layout_2\">\n          <div class=\"sub_title\"><\/div>\n          <h2 class=\"size_large size_large text-uppercase font-weight-700 \">Standorte<\/h2><div class=\"salim-desrip\">Gegr\u00fcndet wurde die Zimmermann GmbH 1996 in Seevetal, heute sind wir mit \u00fcber 100 Mitarbeitern an 6 Standorten bundesweit immer in Ihrer N\u00e4he.<\/p>\n<p>Standort, Fertigung und Sitz der Gesellschaft<br \/>\nZimmermann GmbH<br \/>\nHeidplackenweg 10<br \/>\n26209 Hatten<\/p>\n<p>Standort und Gesch\u00e4ftsanschrift der Gesellschaft<br \/>\nZimmermann GmbH<br \/>\nInnungsstra\u00dfe 3<br \/>\n21244 Buchholz<\/p>\n<p>Standort Lauenau<br \/>\nCarl-Sasse-Stra\u00dfe 1<br \/>\n31867 Lauenau<\/p>\n<p>Standort Wei\u00dfensberg<br \/>\nGewerbepark Edelwei\u00df 1<br \/>\n88138 Weissenberg<\/p>\n<p>Standort Oerlinghausen<br \/>\nDalbker Stra\u00dfe 138<br \/>\n33813 Oerlinghausen<\/p>\n<p>Standort Wesseling<br \/>\nPeter-Henlein-Stra\u00dfe 4<br \/>\n50389 Wesseling<\/div><\/div>[\/vc_column][\/vc_row][vc_row slider_content=&#8220;&#8220; css=&#8220;.vc_custom_1593963055837{background-color: #01164b !important;}&#8220;][vc_column][vc_empty_space height=&#8220;30px&#8220;]\n        <div class=\"salim-section-title style_light margin-bottom-45px text-center style_layout_2\">\n          <div class=\"sub_title\">Zimmermann GmbH<\/div>\n          <h2 class=\"size_large size_large text-uppercase font-weight-700 \">K\u00e4lte braucht vertrauen - Ihr Ansprechpartner f\u00fcr ma\u00dfgeschneiderte Anlagenkonzepte<\/h2><div class=\"salim-desrip\"><\/div><a href=\"https:\/\/www.zimmermann-industriekaelte.de\/?page_id=2443\" class=\"title-link bottom-effect hvr-bob\">Kontakt<\/a><\/div>[\/vc_column][\/vc_row]<\/p>\n","protected":false},"excerpt":{"rendered":"<p>[vc_row][vc_column][vc_empty_space height=&#8220;30px&#8220;][\/vc_column][\/vc_row][vc_row slider_content=&#8220;&#8220; css=&#8220;.vc_custom_1593963055837{background-color: #01164b !important;}&#8220;][vc_column][vc_empty_space height=&#8220;30px&#8220;][\/vc_column][\/vc_row]<\/p>\n","protected":false},"author":1,"featured_media":0,"parent":0,"menu_order":0,"comment_status":"closed","ping_status":"closed","template":"page-templates\/home-page.php","meta":[],"_links":{"self":[{"href":"https:\/\/www.zimmermann-industriekaelte.de\/index.php?rest_route=\/wp\/v2\/pages\/2447"}],"collection":[{"href":"https:\/\/www.zimmermann-industriekaelte.de\/index.php?rest_route=\/wp\/v2\/pages"}],"about":[{"href":"https:\/\/www.zimmermann-industriekaelte.de\/index.php?rest_route=\/wp\/v2\/types\/page"}],"author":[{"embeddable":true,"href":"https:\/\/www.zimmermann-industriekaelte.de\/index.php?rest_route=\/wp\/v2\/users\/1"}],"replies":[{"embeddable":true,"href":"https:\/\/www.zimmermann-industriekaelte.de\/index.php?rest_route=%2Fwp%2Fv2%2Fcomments&post=2447"}],"version-history":[{"count":11,"href":"https:\/\/www.zimmermann-industriekaelte.de\/index.php?rest_route=\/wp\/v2\/pages\/2447\/revisions"}],"predecessor-version":[{"id":2958,"href":"https:\/\/www.zimmermann-industriekaelte.de\/index.php?rest_route=\/wp\/v2\/pages\/2447\/revisions\/2958"}],"wp:attachment":[{"href":"https:\/\/www.zimmermann-industriekaelte.de\/index.php?rest_route=%2Fwp%2Fv2%2Fmedia&parent=2447"}],"curies":[{"name":"wp","href":"https:\/\/api.w.org\/{rel}","templated":true}]}}