{"id":2455,"date":"2020-06-24T10:40:07","date_gmt":"2020-06-24T08:40:07","guid":{"rendered":"http:\/\/zimmermann-industriekaelte.de\/?page_id=2455"},"modified":"2020-10-01T08:20:54","modified_gmt":"2020-10-01T06:20:54","slug":"industriekaelte","status":"publish","type":"page","link":"https:\/\/www.zimmermann-industriekaelte.de\/?page_id=2455","title":{"rendered":"Industriek\u00e4lte"},"content":{"rendered":"<p>[vc_row][vc_column][rev_slider_vc alias=&#8220;Industriekaelte&#8220;][\/vc_column][\/vc_row][vc_row slider_content=&#8220;&#8220; css=&#8220;.vc_custom_1593449749786{background-color: #01164b !important;}&#8220;][vc_column][vc_empty_space height=&#8220;30px&#8220;]\n        <div class=\"salim-section-title style_light margin-bottom-45px text-center style_layout_2\">\n          <div class=\"sub_title\"><\/div>\n          <h2 class=\"size_large size_large text-uppercase font-weight-700 \">Industriek\u00e4lte<\/h2><div class=\"salim-desrip\">Die industrielle K\u00e4lteerzeugung in jeder Gr\u00f6\u00dfenordnung ist unser Kerngesch\u00e4ft. Wir verwenden ausschlie\u00dflich nat\u00fcrliche K\u00e4ltemittel wie Ammoniak oder CO2. Ob nun Ihre Logistikfl\u00e4chen oder Produktionsbereiche das richtige Klima ben\u00f6tigen oder Ihre Waren sanft bzw. schnell, oder unter besonderen Bedingungen gek\u00fchlt werden m\u00fcssen: wir k\u00f6nnen Ihnen bei der Planung und Realisierung stets mit dem richtigen Konzept zur Seite stehen. Die Erstellung von Antr\u00e4gen f\u00fcr das Genehmigungsverfahren, die Ausf\u00fchrungsplanung und Realisierung sowie die abschlie\u00dfende Dokumentation sind die S\u00e4ulen unserer Leistung f\u00fcr Sie als unseren Kunden.<\/div><\/div>[\/vc_column][\/vc_row]<\/p>\n","protected":false},"excerpt":{"rendered":"<p>[vc_row][vc_column][rev_slider_vc alias=&#8220;Industriekaelte&#8220;][\/vc_column][\/vc_row][vc_row slider_content=&#8220;&#8220; css=&#8220;.vc_custom_1593449749786{background-color: #01164b !important;}&#8220;][vc_column][vc_empty_space height=&#8220;30px&#8220;][\/vc_column][\/vc_row]<\/p>\n","protected":false},"author":1,"featured_media":2561,"parent":0,"menu_order":0,"comment_status":"closed","ping_status":"closed","template":"page-templates\/home-page.php","meta":[],"_links":{"self":[{"href":"https:\/\/www.zimmermann-industriekaelte.de\/index.php?rest_route=\/wp\/v2\/pages\/2455"}],"collection":[{"href":"https:\/\/www.zimmermann-industriekaelte.de\/index.php?rest_route=\/wp\/v2\/pages"}],"about":[{"href":"https:\/\/www.zimmermann-industriekaelte.de\/index.php?rest_route=\/wp\/v2\/types\/page"}],"author":[{"embeddable":true,"href":"https:\/\/www.zimmermann-industriekaelte.de\/index.php?rest_route=\/wp\/v2\/users\/1"}],"replies":[{"embeddable":true,"href":"https:\/\/www.zimmermann-industriekaelte.de\/index.php?rest_route=%2Fwp%2Fv2%2Fcomments&post=2455"}],"version-history":[{"count":10,"href":"https:\/\/www.zimmermann-industriekaelte.de\/index.php?rest_route=\/wp\/v2\/pages\/2455\/revisions"}],"predecessor-version":[{"id":2932,"href":"https:\/\/www.zimmermann-industriekaelte.de\/index.php?rest_route=\/wp\/v2\/pages\/2455\/revisions\/2932"}],"wp:featuredmedia":[{"embeddable":true,"href":"https:\/\/www.zimmermann-industriekaelte.de\/index.php?rest_route=\/wp\/v2\/media\/2561"}],"wp:attachment":[{"href":"https:\/\/www.zimmermann-industriekaelte.de\/index.php?rest_route=%2Fwp%2Fv2%2Fmedia&parent=2455"}],"curies":[{"name":"wp","href":"https:\/\/api.w.org\/{rel}","templated":true}]}}