{"id":2461,"date":"2020-06-24T10:40:58","date_gmt":"2020-06-24T08:40:58","guid":{"rendered":"http:\/\/zimmermann-industriekaelte.de\/?page_id=2461"},"modified":"2020-07-14T18:10:19","modified_gmt":"2020-07-14T16:10:19","slug":"kwkk-anlagen","status":"publish","type":"page","link":"https:\/\/www.zimmermann-industriekaelte.de\/?page_id=2461","title":{"rendered":"KWKK &#8211; Anlagen"},"content":{"rendered":"<p>[vc_row][vc_column][rev_slider_vc alias=&#8220;kwkk-anlagen&#8220;][\/vc_column][\/vc_row][vc_row slider_content=&#8220;&#8220; css=&#8220;.vc_custom_1593453753162{background-color: #01164b !important;}&#8220;][vc_column][vc_empty_space height=&#8220;30px&#8220;]\n        <div class=\"salim-section-title style_light margin-bottom-45px text-center style_layout_2\">\n          <div class=\"sub_title\"><\/div>\n          <h2 class=\"size_large size_large text-uppercase font-weight-700 \">KWKK - Anlagen<\/h2><div class=\"salim-desrip\">Innovative Anlagen zur Energieerzeugung an Ihrem Standort bieten sehr gro\u00dfe wirtschaftliche Vorteile. Mit der Nutzung der Abw\u00e4rme aus der Stromerzeugung in Ammoniak-Wasser-Absorptionsk\u00e4lteanlagen \u00f6ffnen wir Ihnen die T\u00fcr zu hocheffizienten KWK(K)-Anlagen. Langfristig planbare und kalkulierbare Energiekosten sind ein wichtiger Aspekt f\u00fcr Ihr Unternehmen. Die wirtschaftlichen Vorteile dieser Form der Energieerzeugung werden Sie \u00fcberzeugen und begeistern.<\/div><\/div>[\/vc_column][\/vc_row]<\/p>\n","protected":false},"excerpt":{"rendered":"<p>[vc_row][vc_column][rev_slider_vc alias=&#8220;kwkk-anlagen&#8220;][\/vc_column][\/vc_row][vc_row slider_content=&#8220;&#8220; css=&#8220;.vc_custom_1593453753162{background-color: #01164b !important;}&#8220;][vc_column][vc_empty_space height=&#8220;30px&#8220;][\/vc_column][\/vc_row]<\/p>\n","protected":false},"author":1,"featured_media":0,"parent":0,"menu_order":0,"comment_status":"closed","ping_status":"closed","template":"page-templates\/home-page.php","meta":[],"_links":{"self":[{"href":"https:\/\/www.zimmermann-industriekaelte.de\/index.php?rest_route=\/wp\/v2\/pages\/2461"}],"collection":[{"href":"https:\/\/www.zimmermann-industriekaelte.de\/index.php?rest_route=\/wp\/v2\/pages"}],"about":[{"href":"https:\/\/www.zimmermann-industriekaelte.de\/index.php?rest_route=\/wp\/v2\/types\/page"}],"author":[{"embeddable":true,"href":"https:\/\/www.zimmermann-industriekaelte.de\/index.php?rest_route=\/wp\/v2\/users\/1"}],"replies":[{"embeddable":true,"href":"https:\/\/www.zimmermann-industriekaelte.de\/index.php?rest_route=%2Fwp%2Fv2%2Fcomments&post=2461"}],"version-history":[{"count":5,"href":"https:\/\/www.zimmermann-industriekaelte.de\/index.php?rest_route=\/wp\/v2\/pages\/2461\/revisions"}],"predecessor-version":[{"id":2745,"href":"https:\/\/www.zimmermann-industriekaelte.de\/index.php?rest_route=\/wp\/v2\/pages\/2461\/revisions\/2745"}],"wp:attachment":[{"href":"https:\/\/www.zimmermann-industriekaelte.de\/index.php?rest_route=%2Fwp%2Fv2%2Fmedia&parent=2461"}],"curies":[{"name":"wp","href":"https:\/\/api.w.org\/{rel}","templated":true}]}}