{"id":2463,"date":"2020-06-24T10:41:18","date_gmt":"2020-06-24T08:41:18","guid":{"rendered":"http:\/\/zimmermann-industriekaelte.de\/?page_id=2463"},"modified":"2020-09-21T12:29:11","modified_gmt":"2020-09-21T10:29:11","slug":"netzautarke-anlagen","status":"publish","type":"page","link":"https:\/\/www.zimmermann-industriekaelte.de\/?page_id=2463","title":{"rendered":"Netzautarke Anlagen"},"content":{"rendered":"<p>[vc_row][vc_column][rev_slider_vc alias=&#8220;netautarke-anlagen&#8220;][\/vc_column][\/vc_row][vc_row slider_content=&#8220;&#8220; css=&#8220;.vc_custom_1593455477548{background-color: #01164b !important;}&#8220;][vc_column][vc_empty_space height=&#8220;30px&#8220;]\n        <div class=\"salim-section-title style_light margin-bottom-45px text-center style_layout_2\">\n          <div class=\"sub_title\"><\/div>\n          <h2 class=\"size_large size_large text-uppercase font-weight-700 \">Netzautarke Anlagen<\/h2><div class=\"salim-desrip\">Unabh\u00e4ngigkeit vom Stromversorger und planbare Energiekosten sind die Eckpfeiler dieser Anlagen. Gepaart mit den wirtschaftlichen Vorteilen der zentralen Energieerzeugung und Verteilung vor Ort wird daraus eine hochprofitable L\u00f6sung. Unsere Innovationskraft, geb\u00fcndelt zusammen mit dem Know-how, dass wir als Marktf\u00fchrer dieser Anlagen gewonnen haben, wird Sie \u00fcberzeugen. Das eigene Smart-Grid bedeutet eine lukrative Investition in die Zukunft Ihres Unternehmens.<\/div><\/div>[\/vc_column][\/vc_row]<\/p>\n","protected":false},"excerpt":{"rendered":"<p>[vc_row][vc_column][rev_slider_vc alias=&#8220;netautarke-anlagen&#8220;][\/vc_column][\/vc_row][vc_row slider_content=&#8220;&#8220; css=&#8220;.vc_custom_1593455477548{background-color: #01164b !important;}&#8220;][vc_column][vc_empty_space height=&#8220;30px&#8220;][\/vc_column][\/vc_row]<\/p>\n","protected":false},"author":1,"featured_media":0,"parent":0,"menu_order":0,"comment_status":"closed","ping_status":"closed","template":"page-templates\/home-page.php","meta":[],"_links":{"self":[{"href":"https:\/\/www.zimmermann-industriekaelte.de\/index.php?rest_route=\/wp\/v2\/pages\/2463"}],"collection":[{"href":"https:\/\/www.zimmermann-industriekaelte.de\/index.php?rest_route=\/wp\/v2\/pages"}],"about":[{"href":"https:\/\/www.zimmermann-industriekaelte.de\/index.php?rest_route=\/wp\/v2\/types\/page"}],"author":[{"embeddable":true,"href":"https:\/\/www.zimmermann-industriekaelte.de\/index.php?rest_route=\/wp\/v2\/users\/1"}],"replies":[{"embeddable":true,"href":"https:\/\/www.zimmermann-industriekaelte.de\/index.php?rest_route=%2Fwp%2Fv2%2Fcomments&post=2463"}],"version-history":[{"count":5,"href":"https:\/\/www.zimmermann-industriekaelte.de\/index.php?rest_route=\/wp\/v2\/pages\/2463\/revisions"}],"predecessor-version":[{"id":2851,"href":"https:\/\/www.zimmermann-industriekaelte.de\/index.php?rest_route=\/wp\/v2\/pages\/2463\/revisions\/2851"}],"wp:attachment":[{"href":"https:\/\/www.zimmermann-industriekaelte.de\/index.php?rest_route=%2Fwp%2Fv2%2Fmedia&parent=2463"}],"curies":[{"name":"wp","href":"https:\/\/api.w.org\/{rel}","templated":true}]}}