{"id":2469,"date":"2020-06-24T10:41:55","date_gmt":"2020-06-24T08:41:55","guid":{"rendered":"http:\/\/zimmermann-industriekaelte.de\/?page_id=2469"},"modified":"2020-10-16T09:40:58","modified_gmt":"2020-10-16T07:40:58","slug":"verdichterwartung","status":"publish","type":"page","link":"https:\/\/www.zimmermann-industriekaelte.de\/?page_id=2469","title":{"rendered":"Verdichterwartung"},"content":{"rendered":"<p>[vc_row][vc_column][vc_empty_space height=&#8220;30px&#8220;]\n        <div class=\"salim-section-title style_dark margin-bottom-45px text-center style_layout_2\">\n          <div class=\"sub_title\"><\/div>\n          <h2 class=\"size_large size_large text-uppercase font-weight-700 \">Verdichterwartung<\/h2><div class=\"salim-desrip\">Elementar f\u00fcr die Leistung und Effizienz ihrer K\u00e4lteanlage ist der sichere Betrieb ihrer Verdichter. Egal, ob Schrauben- oder Kolbenverdichter, wir k\u00fcmmern uns um die Wartung, Instandsetzung und Grund\u00fcberholung dieser Komponente. Ihre Kolbenverdichter setzen wir vor Ort in Stand. Die \u00dcberholung Ihrer Schraubenverdichter und Motoren erfolgt in Zusammenarbeit mit unseren qualifizierten Partnern in der Werkstatt.<\/p>\n<p>Fabrikate:<\/p>\n<p>- GEA Grasso<br \/>\n- HOWDEN<br \/>\n- GRAM<br \/>\n- SABROE<br \/>\n- York<br \/>\n- STAL<br \/>\n- Mycom\/Mayekawa<br \/>\n- Johnson Controls<br \/>\n- FRICK<br \/>\n- Bitzer<br \/>\n- SRM<br \/>\n- AERZEN<\/div><\/div>[\/vc_column][\/vc_row][vc_row slider_content=&#8220;&#8220; css=&#8220;.vc_custom_1593965921003{background-color: #01164b !important;}&#8220;][vc_column][vc_empty_space height=&#8220;30px&#8220;]\n        <div class=\"salim-section-title style_light margin-bottom-45px text-center style_layout_2\">\n          <div class=\"sub_title\">Zimmermann GmbH<\/div>\n          <h2 class=\"size_large size_large text-uppercase font-weight-700 \">K\u00e4lte braucht vertrauen - Ihr Ansprechpartner f\u00fcr ma\u00dfgeschneiderte Anlagenkonzepte<\/h2><div class=\"salim-desrip\"><\/div><a href=\"https:\/\/www.zimmermann-industriekaelte.de\/?page_id=2443\" class=\"title-link bottom-effect hvr-bob\">Kontakt<\/a><\/div>[\/vc_column][\/vc_row]<\/p>\n","protected":false},"excerpt":{"rendered":"<p>[vc_row][vc_column][vc_empty_space height=&#8220;30px&#8220;][\/vc_column][\/vc_row][vc_row slider_content=&#8220;&#8220; css=&#8220;.vc_custom_1593965921003{background-color: #01164b !important;}&#8220;][vc_column][vc_empty_space height=&#8220;30px&#8220;][\/vc_column][\/vc_row]<\/p>\n","protected":false},"author":1,"featured_media":0,"parent":0,"menu_order":0,"comment_status":"closed","ping_status":"closed","template":"page-templates\/home-page.php","meta":[],"_links":{"self":[{"href":"https:\/\/www.zimmermann-industriekaelte.de\/index.php?rest_route=\/wp\/v2\/pages\/2469"}],"collection":[{"href":"https:\/\/www.zimmermann-industriekaelte.de\/index.php?rest_route=\/wp\/v2\/pages"}],"about":[{"href":"https:\/\/www.zimmermann-industriekaelte.de\/index.php?rest_route=\/wp\/v2\/types\/page"}],"author":[{"embeddable":true,"href":"https:\/\/www.zimmermann-industriekaelte.de\/index.php?rest_route=\/wp\/v2\/users\/1"}],"replies":[{"embeddable":true,"href":"https:\/\/www.zimmermann-industriekaelte.de\/index.php?rest_route=%2Fwp%2Fv2%2Fcomments&post=2469"}],"version-history":[{"count":7,"href":"https:\/\/www.zimmermann-industriekaelte.de\/index.php?rest_route=\/wp\/v2\/pages\/2469\/revisions"}],"predecessor-version":[{"id":2899,"href":"https:\/\/www.zimmermann-industriekaelte.de\/index.php?rest_route=\/wp\/v2\/pages\/2469\/revisions\/2899"}],"wp:attachment":[{"href":"https:\/\/www.zimmermann-industriekaelte.de\/index.php?rest_route=%2Fwp%2Fv2%2Fmedia&parent=2469"}],"curies":[{"name":"wp","href":"https:\/\/api.w.org\/{rel}","templated":true}]}}