{"id":2492,"date":"2020-06-24T10:44:52","date_gmt":"2020-06-24T08:44:52","guid":{"rendered":"http:\/\/zimmermann-industriekaelte.de\/?page_id=2492"},"modified":"2020-10-16T09:41:07","modified_gmt":"2020-10-16T07:41:07","slug":"ersatzteile-betriebsstoffe","status":"publish","type":"page","link":"https:\/\/www.zimmermann-industriekaelte.de\/?page_id=2492","title":{"rendered":"Ersatzteile &#038; Betriebsstoffe"},"content":{"rendered":"<p>[vc_row full_width=&#8220;stretch_row_content_no_spaces&#8220; slider_content=&#8220;&#8220;][vc_column width=&#8220;1\/6&#8243;][vc_empty_space height=&#8220;30px&#8220;][vc_single_image image=&#8220;2854&#8243; img_size=&#8220;medium&#8220; css=&#8220;.vc_custom_1601534238422{margin-bottom: 50px !important;}&#8220;][\/vc_column][vc_column width=&#8220;4\/6&#8243;][vc_empty_space height=&#8220;30px&#8220;]\n        <div class=\"salim-section-title style_dark margin-bottom-45px text-center style_layout_2\">\n          <div class=\"sub_title\"><\/div>\n          <h2 class=\"size_large size_large text-uppercase font-weight-700 \">Ersatzteile &amp; Betriebsstoffe<\/h2><div class=\"salim-desrip\">Wir liefern ihnen f\u00fcr alle Bereiche ihrer K\u00e4lteanlage Ersatzteile. Dabei haben wir auch die Beschaffung von Alternativen im Blick, die nicht mehr von den Herstellern direkt angeboten werden:<\/p>\n<p>- Ersatzteile f\u00fcr Kolben- und Schraubenverdichter<br \/>\n- Ersatzteile aus dem K\u00e4lteverteilungssystem wie Pumpen und Ventile f\u00fcr Sole und - Ammoniak<br \/>\n- Ersatzverdichter<br \/>\n- Ersatzteile f\u00fcr Verfl\u00fcssiger<br \/>\n- Elektronische Regelger\u00e4te und SPS Komponenten<br \/>\n- Verdichtersteuerungen und Teile (Unisab II\/Unisab III\/ GEA GSC\/ GEA Omni\/ Cell\/ Mypro)<br \/>\n- Sensoren f\u00fcr F\u00fcllstand, Temperatur und Druck sowie Manometer<\/div><\/div>[\/vc_column][vc_column width=&#8220;1\/6&#8243;][vc_empty_space height=&#8220;30px&#8220;][vc_single_image image=&#8220;2855&#8243; img_size=&#8220;medium&#8220; css=&#8220;.vc_custom_1601534248153{margin-bottom: 50px !important;}&#8220;][\/vc_column][\/vc_row][vc_row slider_content=&#8220;&#8220; css=&#8220;.vc_custom_1593966148607{background-color: #01164b !important;}&#8220;][vc_column][vc_empty_space height=&#8220;30px&#8220;]\n        <div class=\"salim-section-title style_light margin-bottom-45px text-center style_layout_2\">\n          <div class=\"sub_title\">Zimmermann GmbH<\/div>\n          <h2 class=\"size_large size_large text-uppercase font-weight-700 \">K\u00e4lte braucht vertrauen - Ihr Ansprechpartner f\u00fcr ma\u00dfgeschneiderte Anlagenkonzepte<\/h2><div class=\"salim-desrip\"><\/div><a href=\"https:\/\/www.zimmermann-industriekaelte.de\/?page_id=2443\" class=\"title-link bottom-effect hvr-bob\">Kontakt<\/a><\/div>[\/vc_column][\/vc_row]<\/p>\n","protected":false},"excerpt":{"rendered":"<p>[vc_row full_width=&#8220;stretch_row_content_no_spaces&#8220; slider_content=&#8220;&#8220;][vc_column width=&#8220;1\/6&#8243;][vc_empty_space height=&#8220;30px&#8220;][vc_single_image image=&#8220;2854&#8243; img_size=&#8220;medium&#8220; css=&#8220;.vc_custom_1601534238422{margin-bottom: 50px !important;}&#8220;][\/vc_column][vc_column width=&#8220;4\/6&#8243;][vc_empty_space height=&#8220;30px&#8220;][\/vc_column][vc_column width=&#8220;1\/6&#8243;][vc_empty_space height=&#8220;30px&#8220;][vc_single_image image=&#8220;2855&#8243; img_size=&#8220;medium&#8220; css=&#8220;.vc_custom_1601534248153{margin-bottom: 50px !important;}&#8220;][\/vc_column][\/vc_row][vc_row slider_content=&#8220;&#8220; css=&#8220;.vc_custom_1593966148607{background-color: #01164b !important;}&#8220;][vc_column][vc_empty_space height=&#8220;30px&#8220;][\/vc_column][\/vc_row]<\/p>\n","protected":false},"author":1,"featured_media":0,"parent":0,"menu_order":0,"comment_status":"closed","ping_status":"closed","template":"page-templates\/home-page.php","meta":[],"_links":{"self":[{"href":"https:\/\/www.zimmermann-industriekaelte.de\/index.php?rest_route=\/wp\/v2\/pages\/2492"}],"collection":[{"href":"https:\/\/www.zimmermann-industriekaelte.de\/index.php?rest_route=\/wp\/v2\/pages"}],"about":[{"href":"https:\/\/www.zimmermann-industriekaelte.de\/index.php?rest_route=\/wp\/v2\/types\/page"}],"author":[{"embeddable":true,"href":"https:\/\/www.zimmermann-industriekaelte.de\/index.php?rest_route=\/wp\/v2\/users\/1"}],"replies":[{"embeddable":true,"href":"https:\/\/www.zimmermann-industriekaelte.de\/index.php?rest_route=%2Fwp%2Fv2%2Fcomments&post=2492"}],"version-history":[{"count":12,"href":"https:\/\/www.zimmermann-industriekaelte.de\/index.php?rest_route=\/wp\/v2\/pages\/2492\/revisions"}],"predecessor-version":[{"id":2900,"href":"https:\/\/www.zimmermann-industriekaelte.de\/index.php?rest_route=\/wp\/v2\/pages\/2492\/revisions\/2900"}],"wp:attachment":[{"href":"https:\/\/www.zimmermann-industriekaelte.de\/index.php?rest_route=%2Fwp%2Fv2%2Fmedia&parent=2492"}],"curies":[{"name":"wp","href":"https:\/\/api.w.org\/{rel}","templated":true}]}}