{"id":2506,"date":"2020-06-24T10:48:25","date_gmt":"2020-06-24T08:48:25","guid":{"rendered":"http:\/\/zimmermann-industriekaelte.de\/?page_id=2506"},"modified":"2022-06-22T10:54:34","modified_gmt":"2022-06-22T08:54:34","slug":"wartung-2","status":"publish","type":"page","link":"https:\/\/www.zimmermann-industriekaelte.de\/?page_id=2506","title":{"rendered":"Wartung"},"content":{"rendered":"<p>[vc_row][vc_column][vc_empty_space height=&#8220;30px&#8220;]\n        <div class=\"salim-section-title style_dark margin-bottom-45px text-center style_layout_2\">\n          <div class=\"sub_title\"><\/div>\n          <h2 class=\"size_large size_large text-uppercase font-weight-700 \">Wartung<\/h2><div class=\"salim-desrip\">Um die Betriebssicherheit und Leistungsf\u00e4higkeit ihrer K\u00e4lteanlage zu gew\u00e4hrleisten, bieten wir mit unserem Kundendienst ein bundesweites Netz an Spezialisten. Wir betreuen Ihre Anlage je nach ihren Bed\u00fcrfnissen im Rahmen eines Wartungsvertrages mit flexibel gestaltbarem Umfang oder einfach bei Bedarf. Dabei pr\u00fcfen wir die Komponenten ihrer K\u00e4lteanlage auf Sicherheit, Verschlei\u00df und Energieeffizienz. Unser Focus auf die Einhaltung der Herstellervorgaben und g\u00fcltigen Regelwerke bietet Ihnen die notwendige rechtliche Sicherheit.<\/div><\/div>[\/vc_column][\/vc_row][vc_row][vc_column][\/vc_column][\/vc_row][vc_row slider_content=&#8220;&#8220; css=&#8220;.vc_custom_1593965827128{background-color: #01164b !important;}&#8220;][vc_column][vc_empty_space height=&#8220;30px&#8220;]\n        <div class=\"salim-section-title style_light margin-bottom-45px text-center style_layout_2\">\n          <div class=\"sub_title\">Zimmermann GmbH<\/div>\n          <h2 class=\"size_large size_large text-uppercase font-weight-700 \">K\u00e4lte braucht vertrauen - Ihr Ansprechpartner f\u00fcr ma\u00dfgeschneiderte Anlagenkonzepte<\/h2><div class=\"salim-desrip\"><\/div><a href=\"https:\/\/zimmermann-industriekaelte.de\/?page_id=2443\" class=\"title-link bottom-effect hvr-bob\">Kontakt<\/a><\/div>[\/vc_column][\/vc_row]<\/p>\n","protected":false},"excerpt":{"rendered":"<p>[vc_row][vc_column][vc_empty_space height=&#8220;30px&#8220;][\/vc_column][\/vc_row][vc_row][vc_column][\/vc_column][\/vc_row][vc_row slider_content=&#8220;&#8220; css=&#8220;.vc_custom_1593965827128{background-color: #01164b !important;}&#8220;][vc_column][vc_empty_space height=&#8220;30px&#8220;][\/vc_column][\/vc_row]<\/p>\n","protected":false},"author":1,"featured_media":0,"parent":0,"menu_order":0,"comment_status":"closed","ping_status":"closed","template":"page-templates\/home-page.php","meta":[],"_links":{"self":[{"href":"https:\/\/www.zimmermann-industriekaelte.de\/index.php?rest_route=\/wp\/v2\/pages\/2506"}],"collection":[{"href":"https:\/\/www.zimmermann-industriekaelte.de\/index.php?rest_route=\/wp\/v2\/pages"}],"about":[{"href":"https:\/\/www.zimmermann-industriekaelte.de\/index.php?rest_route=\/wp\/v2\/types\/page"}],"author":[{"embeddable":true,"href":"https:\/\/www.zimmermann-industriekaelte.de\/index.php?rest_route=\/wp\/v2\/users\/1"}],"replies":[{"embeddable":true,"href":"https:\/\/www.zimmermann-industriekaelte.de\/index.php?rest_route=%2Fwp%2Fv2%2Fcomments&post=2506"}],"version-history":[{"count":12,"href":"https:\/\/www.zimmermann-industriekaelte.de\/index.php?rest_route=\/wp\/v2\/pages\/2506\/revisions"}],"predecessor-version":[{"id":2922,"href":"https:\/\/www.zimmermann-industriekaelte.de\/index.php?rest_route=\/wp\/v2\/pages\/2506\/revisions\/2922"}],"wp:attachment":[{"href":"https:\/\/www.zimmermann-industriekaelte.de\/index.php?rest_route=%2Fwp%2Fv2%2Fmedia&parent=2506"}],"curies":[{"name":"wp","href":"https:\/\/api.w.org\/{rel}","templated":true}]}}